{"id":130,"date":"2021-06-23T10:00:29","date_gmt":"2021-06-23T13:00:29","guid":{"rendered":"https:\/\/stoccodogtrainer.com.br\/index.php\/blog\/"},"modified":"2026-01-12T09:34:44","modified_gmt":"2026-01-12T12:34:44","slug":"blog-canino","status":"publish","type":"page","link":"https:\/\/stoccodogtrainer.com.br\/index.php\/blog-canino\/","title":{"rendered":"Blog Canino"},"content":{"rendered":"\t\t<div data-elementor-type=\"wp-page\" data-elementor-id=\"130\" class=\"elementor elementor-130\" data-elementor-post-type=\"page\">\n\t\t\t\t\t\t<section class=\"elementor-section elementor-top-section elementor-element elementor-element-d9e6d62 elementor-section-boxed elementor-section-height-default elementor-section-height-default\" data-id=\"d9e6d62\" data-element_type=\"section\">\n\t\t\t\t\t\t<div class=\"elementor-container elementor-column-gap-no\">\n\t\t\t\t\t<div class=\"aux-parallax-section elementor-column elementor-col-100 elementor-top-column elementor-element elementor-element-4087244\" data-id=\"4087244\" data-element_type=\"column\">\n\t\t\t<div class=\"elementor-widget-wrap elementor-element-populated\">\n\t\t\t\t\t\t<div class=\"elementor-element elementor-element-52b2bb8 aux-appear-watch-animation aux-slide-from-bot elementor-widget elementor-widget-aux_modern_heading\" data-id=\"52b2bb8\" data-element_type=\"widget\" data-widget_type=\"aux_modern_heading.default\">\n\t\t\t\t<div class=\"elementor-widget-container\">\n\t\t\t\t\t<section class=\"aux-widget-modern-heading\">\n            <div class=\"aux-widget-inner\"><h2 class=\"aux-modern-heading-primary\">Blog Canino<\/h2><div class=\"aux-modern-heading-description\"><p>Descubra dicas essenciais para o cuidado, treinamento, sa\u00fade e bem-estar do seu companheiro peludo, enquanto no unimos para compartilhar hist\u00f3rias inspiradoras, curiosidades fascinantes e os mais recentes avan\u00e7os no universo canino.<\/p><\/div><\/div>\n        <\/section>\t\t\t\t<\/div>\n\t\t\t\t<\/div>\n\t\t\t\t<div class=\"elementor-element elementor-element-b4dbe59 elementor-widget elementor-widget-aux_recent_posts\" data-id=\"b4dbe59\" data-element_type=\"widget\" data-settings=\"{&quot;columns_tablet&quot;:&quot;2&quot;,&quot;columns&quot;:&quot;4&quot;,&quot;columns_mobile&quot;:&quot;1&quot;}\" data-widget_type=\"aux_recent_posts.default\">\n\t\t\t\t<div class=\"elementor-widget-container\">\n\t\t\t\t\t<script>auxinNS(\"auxin.content.loadmore.au7e75e2bf\"); auxin.content.loadmore.au7e75e2bf={\"nonce\":\"b2ab8eb795\",\"args\":{\"title\":\"\",\"subtitle\":\"\",\"cat\":[\" \"],\"num\":\"8\",\"only_posts__in\":\"\",\"include\":\"\",\"exclude\":\"\",\"offset\":\"\",\"paged\":\"\",\"post_type\":\"post\",\"taxonomy_name\":\"category\",\"order_by\":\"date\",\"order\":\"ASC\",\"exclude_without_media\":\"no\",\"exclude_custom_post_formats\":\"no\",\"exclude_quote_link\":null,\"include_post_formats_in\":\"\",\"exclude_post_formats_in\":[],\"size\":\"\",\"display_title\":\"yes\",\"words_num\":\"\",\"show_media\":\"yes\",\"display_like\":\"\",\"display_comments\":\"\",\"display_categories\":\"\",\"max_taxonomy_num\":null,\"show_badge\":\"no\",\"content_layout\":\"default\",\"excerpt_len\":\"100\",\"excerpt_length\":\"\",\"show_excerpt\":\"yes\",\"show_content\":\"yes\",\"show_info\":\"yes\",\"show_format_icon\":\"no\",\"show_date\":\"yes\",\"ignore_formats\":\"no\",\"post_info_position\":\"before-title\",\"author_or_readmore\":\"readmore\",\"image_aspect_ratio\":\"1.46875\",\"meta_info_position\":\"after-content\",\"desktop_cnum\":\"4\",\"tablet_cnum\":\"2\",\"phone_cnum\":\"1\",\"preview_mode\":\"grid\",\"grid_table_hover\":\"bgimage-bgcolor\",\"tag\":\"\",\"display_author_footer\":null,\"display_author_header\":\"\",\"preloadable\":\"no\",\"preload_preview\":null,\"preload_bgcolor\":null,\"extra_classes\":\"\",\"extra_column_classes\":\"\",\"custom_el_id\":\"\",\"carousel_space\":null,\"carousel_autoplay\":null,\"carousel_autoplay_delay\":null,\"carousel_navigation\":null,\"carousel_navigation_control\":null,\"carousel_nav_control_pos\":null,\"carousel_nav_control_skin\":null,\"carousel_loop\":null,\"request_from\":\"\",\"template_part_file\":\"theme-parts\\\/entry\\\/post-column\",\"extra_template_path\":\"\",\"universal_id\":\"au7e75e2bf\",\"reset_query\":true,\"wp_query_args\":[],\"custom_wp_query\":\"\",\"loadmore_type\":\"next\",\"loadmore_per_page\":\"8\",\"content\":null,\"skip_wrappers\":true,\"content_width\":2000,\"inview_transition\":\"none\",\"inview_duration\":\"\",\"inview_delay\":\"\",\"inview_repeat\":\"no\",\"inview_offset\":\"\",\"called_from\":\"\"},\"handler\":\"aux_recent_posts\",\"per_page\":\"8\"};<\/script><section class=\"widget-container aux-ajax-type-next aux-widget-recent-posts aux-parent-au7e75e2bf\"><div data-element-id=\"au7e75e2bf\" class=\"aux-match-height aux-row aux-de-col4 aux-tb-col2 aux-mb-col1 aux-total-4 aux-ajax-view  \"><div class=\"aux-col aux-ajax-item post-775\">\n                        <article class=\"post column-entry post-775 type-post status-publish format-standard has-post-thumbnail hentry category-blog\">\n                                                        <div class=\"entry-media\"><div class=\"aux-media-frame aux-media-image aux-image-mask\"><a href=\"https:\/\/stoccodogtrainer.com.br\/index.php\/2026\/01\/09\/como-ensinar-o-cachorro-a-nao-puxar-a-guia-nos-passeios\/\"><img decoding=\"async\" src=\"https:\/\/stoccodogtrainer.com.br\/wp-content\/uploads\/2026\/01\/ChatGPT-Image-9-de-jan.-de-2026-11_14_45-470x690.png\" class=\"aux-attachment aux-featured-image attachment-470x690.3125 aux-attachment-id-776 \" alt=\"Como ensinar o cachorro a n\u00e3o puxar a guia nos passeios\" srcset=\"https:\/\/stoccodogtrainer.com.br\/wp-content\/uploads\/2026\/01\/ChatGPT-Image-9-de-jan.-de-2026-11_14_45-150x220.png 150w,https:\/\/stoccodogtrainer.com.br\/wp-content\/uploads\/2026\/01\/ChatGPT-Image-9-de-jan.-de-2026-11_14_45-300x441.png 300w,https:\/\/stoccodogtrainer.com.br\/wp-content\/uploads\/2026\/01\/ChatGPT-Image-9-de-jan.-de-2026-11_14_45-768x1128.png 768w,https:\/\/stoccodogtrainer.com.br\/wp-content\/uploads\/2026\/01\/ChatGPT-Image-9-de-jan.-de-2026-11_14_45-470x690.png 470w,https:\/\/stoccodogtrainer.com.br\/wp-content\/uploads\/2026\/01\/ChatGPT-Image-9-de-jan.-de-2026-11_14_45-1014x1489.png 1014w\" data-ratio=\"0.68\" data-original-w=\"1024\" sizes=\"(max-width:479px) 480px,(max-width:767px) 768px,(max-width:1023px) 1024px,470px\" \/><\/a><\/div><\/div>\n                            \n                            <div class=\"entry-main\">\n                                                                                        \n                                <div class=\"entry-info\">\n                                                                    <div class=\"entry-date\">\n                                        <a href=\"https:\/\/stoccodogtrainer.com.br\/index.php\/2026\/01\/09\/como-ensinar-o-cachorro-a-nao-puxar-a-guia-nos-passeios\/\">\n                                            <time datetime=\"2026-01-09T11:20:25-03:00\" title=\"2026-01-09T11:20:25-03:00\" >9 de January de 2026<\/time>\n                                        <\/a>\n                                    <\/div>\n                                                                                                                                                                                                        <\/div>\n                            \n                                <header class=\"entry-header\">\n                                \n                                    <h4 class=\"entry-title\">\n                                        <a href=\"https:\/\/stoccodogtrainer.com.br\/index.php\/2026\/01\/09\/como-ensinar-o-cachorro-a-nao-puxar-a-guia-nos-passeios\/\">\n                                            Como ensinar o cachorro a n\u00e3o puxar a guia nos passeios                                        <\/a>\n                                    <\/h4>\n                                                                    <div class=\"entry-format\">\n                                        <a href=\"https:\/\/stoccodogtrainer.com.br\/index.php\/2026\/01\/09\/como-ensinar-o-cachorro-a-nao-puxar-a-guia-nos-passeios\/\">\n                                            <div class=\"post-format format-\"> <\/div>\n                                        <\/a>\n                                    <\/div>\n                                <\/header>\n                            \n                                                            <div class=\"entry-content\">\n                                                                            <p>\nIntrodu\u00e7\u00e3o\n\n\n\nPassear com o cachorro deveria ser um momento agrad\u00e1vel, mas quando ele puxa a guia o ...<\/p><div class=\"clear\"><\/div>                                <\/div>\n                                                                                        <footer class=\"entry-meta aux-after-content\">\n                                                                        <div class=\"readmore\">\n                                        <a href=\"https:\/\/stoccodogtrainer.com.br\/index.php\/2026\/01\/09\/como-ensinar-o-cachorro-a-nao-puxar-a-guia-nos-passeios\/\" class=\"aux-read-more\"><span class=\"aux-read-more-text\">Read More<\/span><\/a>\n                                    <\/div>\n                                                                        <div class=\"comments-iconic\">\n                                                                            <\/div>\n                                                                    <\/footer>\n                            \n                            <\/div>\n\n                        <\/article>\n<\/div><div class=\"aux-col aux-ajax-item post-779\">\n                        <article class=\"post column-entry post-779 type-post status-publish format-standard has-post-thumbnail hentry category-blog\">\n                                                        <div class=\"entry-media\"><div class=\"aux-media-frame aux-media-image aux-image-mask\"><a href=\"https:\/\/stoccodogtrainer.com.br\/index.php\/2026\/01\/10\/ansiedade-de-separacao-em-caes-sinais-e-solucoes\/\"><img decoding=\"async\" src=\"https:\/\/stoccodogtrainer.com.br\/wp-content\/uploads\/2026\/01\/ChatGPT-Image-10-de-jan.-de-2026-11_12_49-1-470x690.png\" class=\"aux-attachment aux-featured-image attachment-470x690.3125 aux-attachment-id-784 \" alt=\"Ansiedade de separa\u00e7\u00e3o em c\u00e3es: sinais e solu\u00e7\u00f5es\" srcset=\"https:\/\/stoccodogtrainer.com.br\/wp-content\/uploads\/2026\/01\/ChatGPT-Image-10-de-jan.-de-2026-11_12_49-1-150x220.png 150w,https:\/\/stoccodogtrainer.com.br\/wp-content\/uploads\/2026\/01\/ChatGPT-Image-10-de-jan.-de-2026-11_12_49-1-300x441.png 300w,https:\/\/stoccodogtrainer.com.br\/wp-content\/uploads\/2026\/01\/ChatGPT-Image-10-de-jan.-de-2026-11_12_49-1-768x1128.png 768w,https:\/\/stoccodogtrainer.com.br\/wp-content\/uploads\/2026\/01\/ChatGPT-Image-10-de-jan.-de-2026-11_12_49-1-470x690.png 470w,https:\/\/stoccodogtrainer.com.br\/wp-content\/uploads\/2026\/01\/ChatGPT-Image-10-de-jan.-de-2026-11_12_49-1-1014x1489.png 1014w\" data-ratio=\"0.68\" data-original-w=\"1024\" sizes=\"(max-width:479px) 480px,(max-width:767px) 768px,(max-width:1023px) 1024px,470px\" \/><\/a><\/div><\/div>\n                            \n                            <div class=\"entry-main\">\n                                                                                        \n                                <div class=\"entry-info\">\n                                                                    <div class=\"entry-date\">\n                                        <a href=\"https:\/\/stoccodogtrainer.com.br\/index.php\/2026\/01\/10\/ansiedade-de-separacao-em-caes-sinais-e-solucoes\/\">\n                                            <time datetime=\"2026-01-10T11:19:05-03:00\" title=\"2026-01-10T11:19:05-03:00\" >10 de January de 2026<\/time>\n                                        <\/a>\n                                    <\/div>\n                                                                                                                                                                                                        <\/div>\n                            \n                                <header class=\"entry-header\">\n                                \n                                    <h4 class=\"entry-title\">\n                                        <a href=\"https:\/\/stoccodogtrainer.com.br\/index.php\/2026\/01\/10\/ansiedade-de-separacao-em-caes-sinais-e-solucoes\/\">\n                                            Ansiedade de separa\u00e7\u00e3o em c\u00e3es: sinais e solu\u00e7\u00f5es                                        <\/a>\n                                    <\/h4>\n                                                                    <div class=\"entry-format\">\n                                        <a href=\"https:\/\/stoccodogtrainer.com.br\/index.php\/2026\/01\/10\/ansiedade-de-separacao-em-caes-sinais-e-solucoes\/\">\n                                            <div class=\"post-format format-\"> <\/div>\n                                        <\/a>\n                                    <\/div>\n                                <\/header>\n                            \n                                                            <div class=\"entry-content\">\n                                                                            <p>\nO que \u00e9 ansiedade de separa\u00e7\u00e3o?\n\n\n\n\u00c9 um dist\u00farbio comportamental que ocorre quando o cachorro n\u00e3o c ...<\/p><div class=\"clear\"><\/div>                                <\/div>\n                                                                                        <footer class=\"entry-meta aux-after-content\">\n                                                                        <div class=\"readmore\">\n                                        <a href=\"https:\/\/stoccodogtrainer.com.br\/index.php\/2026\/01\/10\/ansiedade-de-separacao-em-caes-sinais-e-solucoes\/\" class=\"aux-read-more\"><span class=\"aux-read-more-text\">Read More<\/span><\/a>\n                                    <\/div>\n                                                                        <div class=\"comments-iconic\">\n                                                                            <\/div>\n                                                                    <\/footer>\n                            \n                            <\/div>\n\n                        <\/article>\n<\/div><div class=\"aux-col aux-ajax-item post-787\">\n                        <article class=\"post column-entry post-787 type-post status-publish format-standard has-post-thumbnail hentry category-blog\">\n                                                        <div class=\"entry-media\"><div class=\"aux-media-frame aux-media-image aux-image-mask\"><a href=\"https:\/\/stoccodogtrainer.com.br\/index.php\/2026\/01\/10\/qual-a-melhor-idade-para-comecar-o-adestramento-canino\/\"><img decoding=\"async\" src=\"https:\/\/stoccodogtrainer.com.br\/wp-content\/uploads\/2026\/01\/ChatGPT-Image-10-de-jan.-de-2026-11_14_57-1-470x690.png\" class=\"aux-attachment aux-featured-image attachment-470x690.3125 aux-attachment-id-783 \" alt=\"Qual a melhor idade para come\u00e7ar o adestramento canino\" srcset=\"https:\/\/stoccodogtrainer.com.br\/wp-content\/uploads\/2026\/01\/ChatGPT-Image-10-de-jan.-de-2026-11_14_57-1-150x220.png 150w,https:\/\/stoccodogtrainer.com.br\/wp-content\/uploads\/2026\/01\/ChatGPT-Image-10-de-jan.-de-2026-11_14_57-1-300x441.png 300w,https:\/\/stoccodogtrainer.com.br\/wp-content\/uploads\/2026\/01\/ChatGPT-Image-10-de-jan.-de-2026-11_14_57-1-768x1128.png 768w,https:\/\/stoccodogtrainer.com.br\/wp-content\/uploads\/2026\/01\/ChatGPT-Image-10-de-jan.-de-2026-11_14_57-1-470x690.png 470w,https:\/\/stoccodogtrainer.com.br\/wp-content\/uploads\/2026\/01\/ChatGPT-Image-10-de-jan.-de-2026-11_14_57-1-1014x1489.png 1014w\" data-ratio=\"0.68\" data-original-w=\"1024\" sizes=\"(max-width:479px) 480px,(max-width:767px) 768px,(max-width:1023px) 1024px,470px\" \/><\/a><\/div><\/div>\n                            \n                            <div class=\"entry-main\">\n                                                                                        \n                                <div class=\"entry-info\">\n                                                                    <div class=\"entry-date\">\n                                        <a href=\"https:\/\/stoccodogtrainer.com.br\/index.php\/2026\/01\/10\/qual-a-melhor-idade-para-comecar-o-adestramento-canino\/\">\n                                            <time datetime=\"2026-01-10T11:21:00-03:00\" title=\"2026-01-10T11:21:00-03:00\" >10 de January de 2026<\/time>\n                                        <\/a>\n                                    <\/div>\n                                                                                                                                                                                                        <\/div>\n                            \n                                <header class=\"entry-header\">\n                                \n                                    <h4 class=\"entry-title\">\n                                        <a href=\"https:\/\/stoccodogtrainer.com.br\/index.php\/2026\/01\/10\/qual-a-melhor-idade-para-comecar-o-adestramento-canino\/\">\n                                            Qual a melhor idade para come\u00e7ar o adestramento canino                                        <\/a>\n                                    <\/h4>\n                                                                    <div class=\"entry-format\">\n                                        <a href=\"https:\/\/stoccodogtrainer.com.br\/index.php\/2026\/01\/10\/qual-a-melhor-idade-para-comecar-o-adestramento-canino\/\">\n                                            <div class=\"post-format format-\"> <\/div>\n                                        <\/a>\n                                    <\/div>\n                                <\/header>\n                            \n                                                            <div class=\"entry-content\">\n                                                                            <p>\nQuando o adestramento deve come\u00e7ar?\n\n\n\nO adestramento pode come\u00e7ar desde os primeiros meses de vida ...<\/p><div class=\"clear\"><\/div>                                <\/div>\n                                                                                        <footer class=\"entry-meta aux-after-content\">\n                                                                        <div class=\"readmore\">\n                                        <a href=\"https:\/\/stoccodogtrainer.com.br\/index.php\/2026\/01\/10\/qual-a-melhor-idade-para-comecar-o-adestramento-canino\/\" class=\"aux-read-more\"><span class=\"aux-read-more-text\">Read More<\/span><\/a>\n                                    <\/div>\n                                                                        <div class=\"comments-iconic\">\n                                                                            <\/div>\n                                                                    <\/footer>\n                            \n                            <\/div>\n\n                        <\/article>\n<\/div><div class=\"aux-col aux-ajax-item post-789\">\n                        <article class=\"post column-entry post-789 type-post status-publish format-standard has-post-thumbnail hentry category-blog\">\n                                                        <div class=\"entry-media\"><div class=\"aux-media-frame aux-media-image aux-image-mask\"><a href=\"https:\/\/stoccodogtrainer.com.br\/index.php\/2026\/01\/10\/%f0%9f%90%be-como-escolher-a-hospedagem-ideal-para-o-seu-pet-e-nao-decidir-so-pelo-preco\/\"><img decoding=\"async\" src=\"https:\/\/stoccodogtrainer.com.br\/wp-content\/uploads\/2026\/01\/ChatGPT-Image-10-de-jan.-de-2026-11_11_49-470x690.png\" class=\"aux-attachment aux-featured-image attachment-470x690.3125 aux-attachment-id-782 \" alt=\"\ud83d\udc3e Como escolher a hospedagem ideal para o seu pet (e n\u00e3o decidir s\u00f3 pelo pre\u00e7o)\" srcset=\"https:\/\/stoccodogtrainer.com.br\/wp-content\/uploads\/2026\/01\/ChatGPT-Image-10-de-jan.-de-2026-11_11_49-150x220.png 150w,https:\/\/stoccodogtrainer.com.br\/wp-content\/uploads\/2026\/01\/ChatGPT-Image-10-de-jan.-de-2026-11_11_49-300x441.png 300w,https:\/\/stoccodogtrainer.com.br\/wp-content\/uploads\/2026\/01\/ChatGPT-Image-10-de-jan.-de-2026-11_11_49-768x1128.png 768w,https:\/\/stoccodogtrainer.com.br\/wp-content\/uploads\/2026\/01\/ChatGPT-Image-10-de-jan.-de-2026-11_11_49-470x690.png 470w,https:\/\/stoccodogtrainer.com.br\/wp-content\/uploads\/2026\/01\/ChatGPT-Image-10-de-jan.-de-2026-11_11_49-1014x1489.png 1014w\" data-ratio=\"0.68\" data-original-w=\"1024\" sizes=\"(max-width:479px) 480px,(max-width:767px) 768px,(max-width:1023px) 1024px,470px\" \/><\/a><\/div><\/div>\n                            \n                            <div class=\"entry-main\">\n                                                                                        \n                                <div class=\"entry-info\">\n                                                                    <div class=\"entry-date\">\n                                        <a href=\"https:\/\/stoccodogtrainer.com.br\/index.php\/2026\/01\/10\/%f0%9f%90%be-como-escolher-a-hospedagem-ideal-para-o-seu-pet-e-nao-decidir-so-pelo-preco\/\">\n                                            <time datetime=\"2026-01-10T11:22:07-03:00\" title=\"2026-01-10T11:22:07-03:00\" >10 de January de 2026<\/time>\n                                        <\/a>\n                                    <\/div>\n                                                                                                                                                                                                        <\/div>\n                            \n                                <header class=\"entry-header\">\n                                \n                                    <h4 class=\"entry-title\">\n                                        <a href=\"https:\/\/stoccodogtrainer.com.br\/index.php\/2026\/01\/10\/%f0%9f%90%be-como-escolher-a-hospedagem-ideal-para-o-seu-pet-e-nao-decidir-so-pelo-preco\/\">\n                                            \ud83d\udc3e Como escolher a hospedagem ideal para o seu pet (e n\u00e3o decidir s\u00f3 pelo pre\u00e7o)                                        <\/a>\n                                    <\/h4>\n                                                                    <div class=\"entry-format\">\n                                        <a href=\"https:\/\/stoccodogtrainer.com.br\/index.php\/2026\/01\/10\/%f0%9f%90%be-como-escolher-a-hospedagem-ideal-para-o-seu-pet-e-nao-decidir-so-pelo-preco\/\">\n                                            <div class=\"post-format format-\"> <\/div>\n                                        <\/a>\n                                    <\/div>\n                                <\/header>\n                            \n                                                            <div class=\"entry-content\">\n                                                                            <p>\nIntrodu\u00e7\u00e3o\n\n\n\nQuando chega a hora de viajar ou se ausentar por alguns dias, muitos tutores cometem  ...<\/p><div class=\"clear\"><\/div>                                <\/div>\n                                                                                        <footer class=\"entry-meta aux-after-content\">\n                                                                        <div class=\"readmore\">\n                                        <a href=\"https:\/\/stoccodogtrainer.com.br\/index.php\/2026\/01\/10\/%f0%9f%90%be-como-escolher-a-hospedagem-ideal-para-o-seu-pet-e-nao-decidir-so-pelo-preco\/\" class=\"aux-read-more\"><span class=\"aux-read-more-text\">Read More<\/span><\/a>\n                                    <\/div>\n                                                                        <div class=\"comments-iconic\">\n                                                                            <\/div>\n                                                                    <\/footer>\n                            \n                            <\/div>\n\n                        <\/article>\n<\/div><\/div><\/section><!-- widget-container -->\t\t\t\t<\/div>\n\t\t\t\t<\/div>\n\t\t\t\t\t<\/div>\n\t\t<\/div>\n\t\t\t\t\t<\/div>\n\t\t<\/section>\n\t\t\t\t<\/div>\n\t\t","protected":false},"excerpt":{"rendered":"<p>Blog Canino Descubra dicas essenciais para o cuidado, treinamento, sa\u00fade e bem-estar do seu companheiro peludo, enquanto no unimos para compartilhar hist\u00f3rias inspiradoras, curiosidades fascinantes e os mais recentes avan\u00e7os no universo canino. 9 de January de 2026 | Edit Como ensinar o cachorro a n\u00e3o puxar a guia nos passeios Introdu\u00e7\u00e3o Passear com o [&hellip;]<\/p>\n","protected":false},"author":1,"featured_media":0,"parent":0,"menu_order":2,"comment_status":"closed","ping_status":"closed","template":"templates\/page-builder-content.php","meta":{"footnotes":"","_joinchat":[]},"_links":{"self":[{"href":"https:\/\/stoccodogtrainer.com.br\/index.php\/wp-json\/wp\/v2\/pages\/130"}],"collection":[{"href":"https:\/\/stoccodogtrainer.com.br\/index.php\/wp-json\/wp\/v2\/pages"}],"about":[{"href":"https:\/\/stoccodogtrainer.com.br\/index.php\/wp-json\/wp\/v2\/types\/page"}],"author":[{"embeddable":true,"href":"https:\/\/stoccodogtrainer.com.br\/index.php\/wp-json\/wp\/v2\/users\/1"}],"replies":[{"embeddable":true,"href":"https:\/\/stoccodogtrainer.com.br\/index.php\/wp-json\/wp\/v2\/comments?post=130"}],"version-history":[{"count":16,"href":"https:\/\/stoccodogtrainer.com.br\/index.php\/wp-json\/wp\/v2\/pages\/130\/revisions"}],"predecessor-version":[{"id":793,"href":"https:\/\/stoccodogtrainer.com.br\/index.php\/wp-json\/wp\/v2\/pages\/130\/revisions\/793"}],"wp:attachment":[{"href":"https:\/\/stoccodogtrainer.com.br\/index.php\/wp-json\/wp\/v2\/media?parent=130"}],"curies":[{"name":"wp","href":"https:\/\/api.w.org\/{rel}","templated":true}]}}