{"id":129,"date":"2021-06-23T10:02:03","date_gmt":"2021-06-23T13:02:03","guid":{"rendered":"https:\/\/stoccodogtrainer.com.br\/index.php\/about-us\/"},"modified":"2026-01-09T10:39:45","modified_gmt":"2026-01-09T13:39:45","slug":"sobre-nos","status":"publish","type":"page","link":"https:\/\/stoccodogtrainer.com.br\/index.php\/sobre-nos\/","title":{"rendered":"Sobre N\u00f3s"},"content":{"rendered":"\t\t<div data-elementor-type=\"wp-page\" data-elementor-id=\"129\" class=\"elementor elementor-129\" data-elementor-post-type=\"page\">\n\t\t\t\t\t\t<section class=\"elementor-section elementor-top-section elementor-element elementor-element-8137988 elementor-section-content-middle elementor-section-boxed elementor-section-height-default elementor-section-height-default\" data-id=\"8137988\" data-element_type=\"section\">\n\t\t\t\t\t\t<div class=\"elementor-container elementor-column-gap-no\">\n\t\t\t\t\t<div class=\"aux-parallax-section elementor-column elementor-col-50 elementor-top-column elementor-element elementor-element-f06db77\" data-id=\"f06db77\" data-element_type=\"column\">\n\t\t\t<div class=\"elementor-widget-wrap elementor-element-populated\">\n\t\t\t\t\t\t<div class=\"elementor-element elementor-element-3f5b15a aux-appear-watch-animation aux-slide-from-bot elementor-widget elementor-widget-aux_modern_heading\" data-id=\"3f5b15a\" data-element_type=\"widget\" data-widget_type=\"aux_modern_heading.default\">\n\t\t\t\t<div class=\"elementor-widget-container\">\n\t\t\t\t\t<section class=\"aux-widget-modern-heading\">\n            <div class=\"aux-widget-inner\"><h5 class=\"aux-modern-heading-primary\">Stocco Dog Trainer<\/h5><h2 class=\"aux-modern-heading-secondary\"><span class=\"aux-head-highlight\">Sobre N\u00f3s<\/span><\/h2><div class=\"aux-modern-heading-description\"><p>A Stoccodogtrainer \u00e9 uma empresa especializada em treinamento e consultoria comportamental para c\u00e3es, dedicada a promover uma conviv\u00eancia harmoniosa e saud\u00e1vel entre tutores e seus animais de estima\u00e7\u00e3o. Nosso compromisso \u00e9 proporcionar solu\u00e7\u00f5es eficazes para uma variedade de necessidades caninas, priorizando sempre o bem-estar e a felicidade tanto dos c\u00e3es quanto de seus propriet\u00e1rios.<\/p><p>Oferecemos programas de treinamento personalizados, adaptados \u00e0s necessidades espec\u00edficas de cada c\u00e3o, independentemente do porte ou ra\u00e7a. Nossos m\u00e9todos s\u00e3o baseados em abordagens positivas e respeitosas, visando fortalecer o v\u00ednculo entre tutor e animal e promover comportamentos desej\u00e1veis.<\/p><\/div><\/div>\n        <\/section>\t\t\t\t<\/div>\n\t\t\t\t<\/div>\n\t\t\t\t\t<\/div>\n\t\t<\/div>\n\t\t\t\t<div class=\"aux-parallax-section elementor-column elementor-col-50 elementor-top-column elementor-element elementor-element-fb9cd12\" data-id=\"fb9cd12\" data-element_type=\"column\" data-settings=\"{&quot;background_background&quot;:&quot;classic&quot;}\">\n\t\t\t<div class=\"elementor-widget-wrap elementor-element-populated\">\n\t\t\t\t\t\t<div class=\"elementor-element elementor-element-d15fc66 elementor-widget__width-auto aux-appear-watch-animation aux-fade-in-down-2 elementor-widget elementor-widget-aux_image\" data-id=\"d15fc66\" data-element_type=\"widget\" data-widget_type=\"aux_image.default\">\n\t\t\t\t<div class=\"elementor-widget-container\">\n\t\t\t\t\t<section class=\"widget-container aux-widget-image aux-alignnone aux-parent-auf9e893e5\">\n    <div class=\"aux-media-hint-frame \">\n        <div class=\"aux-media-image \" >\n        \n            \n\n            \n            <img decoding=\"async\" width=\"22\" height=\"18\" src=\"https:\/\/stoccodogtrainer.com.br\/wp-content\/uploads\/2021\/06\/About-us-2.png\" class=\"aux-attachment aux-featured-image aux-attachment-id-54\" alt=\"demo-attachment-1163-About-us-2\" data-ratio=\"1.22\" data-original-w=\"22\" \/>            \n                <\/div>\n    <\/div>\n\n<\/section><!-- widget-container -->\t\t\t\t<\/div>\n\t\t\t\t<\/div>\n\t\t\t\t<div class=\"elementor-element elementor-element-c4c7a6d elementor-widget__width-auto aux-appear-watch-animation aux-slide-from-right elementor-widget elementor-widget-aux_image\" data-id=\"c4c7a6d\" data-element_type=\"widget\" data-widget_type=\"aux_image.default\">\n\t\t\t\t<div class=\"elementor-widget-container\">\n\t\t\t\t\t<section class=\"widget-container aux-widget-image aux-alignnone aux-parent-au24991403\">\n    <div class=\"aux-media-hint-frame \">\n        <div class=\"aux-media-image \" >\n        \n            \n\n            \n            <img decoding=\"async\" width=\"201\" height=\"153\" src=\"https:\/\/stoccodogtrainer.com.br\/wp-content\/uploads\/2021\/06\/About-us-0.png\" class=\"aux-attachment aux-featured-image aux-attachment-id-55\" alt=\"demo-attachment-1162-About-us-0\" data-ratio=\"1.31\" data-original-w=\"201\" \/>            \n                <\/div>\n    <\/div>\n\n<\/section><!-- widget-container -->\t\t\t\t<\/div>\n\t\t\t\t<\/div>\n\t\t\t\t<div class=\"elementor-element elementor-element-97aff06 aux-appear-watch-animation aux-slide-from-left elementor-widget elementor-widget-aux_image\" data-id=\"97aff06\" data-element_type=\"widget\" data-widget_type=\"aux_image.default\">\n\t\t\t\t<div class=\"elementor-widget-container\">\n\t\t\t\t\t<section class=\"widget-container aux-widget-image aux-alignnone aux-parent-auf4d14a74\">\n    <div class=\"aux-media-hint-frame \">\n        <div class=\"aux-media-image \" >\n        \n            \n\n            \n            <img fetchpriority=\"high\" decoding=\"async\" width=\"460\" height=\"632\" src=\"https:\/\/stoccodogtrainer.com.br\/wp-content\/uploads\/2021\/06\/About-us-4.png\" class=\"aux-attachment aux-featured-image aux-attachment-id-56\" alt=\"demo-attachment-1161-About-us-4\" data-ratio=\"0.73\" data-original-w=\"460\" \/>            \n                <\/div>\n    <\/div>\n\n<\/section><!-- widget-container -->\t\t\t\t<\/div>\n\t\t\t\t<\/div>\n\t\t\t\t\t<\/div>\n\t\t<\/div>\n\t\t\t\t\t<\/div>\n\t\t<\/section>\n\t\t\t\t<section class=\"elementor-section elementor-top-section elementor-element elementor-element-677f55e elementor-section-boxed elementor-section-height-default elementor-section-height-default\" data-id=\"677f55e\" data-element_type=\"section\">\n\t\t\t\t\t\t<div class=\"elementor-container elementor-column-gap-default\">\n\t\t\t\t\t<div class=\"aux-parallax-section elementor-column elementor-col-100 elementor-top-column elementor-element elementor-element-379d3a0\" data-id=\"379d3a0\" data-element_type=\"column\">\n\t\t\t<div class=\"elementor-widget-wrap elementor-element-populated\">\n\t\t\t\t\t\t<div class=\"elementor-element elementor-element-bcaefb2 elementor-widget elementor-widget-spacer\" data-id=\"bcaefb2\" data-element_type=\"widget\" data-widget_type=\"spacer.default\">\n\t\t\t\t<div class=\"elementor-widget-container\">\n\t\t\t\t\t\t\t<div class=\"elementor-spacer\">\n\t\t\t<div class=\"elementor-spacer-inner\"><\/div>\n\t\t<\/div>\n\t\t\t\t\t\t<\/div>\n\t\t\t\t<\/div>\n\t\t\t\t\t<\/div>\n\t\t<\/div>\n\t\t\t\t\t<\/div>\n\t\t<\/section>\n\t\t\t\t<section class=\"elementor-section elementor-top-section elementor-element elementor-element-7c39c4d elementor-section-boxed elementor-section-height-default elementor-section-height-default\" data-id=\"7c39c4d\" data-element_type=\"section\">\n\t\t\t\t\t\t<div class=\"elementor-container elementor-column-gap-no\">\n\t\t\t\t\t<div class=\"aux-parallax-section elementor-column elementor-col-100 elementor-top-column elementor-element elementor-element-f279302\" data-id=\"f279302\" data-element_type=\"column\">\n\t\t\t<div class=\"elementor-widget-wrap elementor-element-populated\">\n\t\t\t\t\t\t<section class=\"elementor-section elementor-inner-section elementor-element elementor-element-0765108 elementor-section-content-bottom elementor-section-boxed elementor-section-height-default elementor-section-height-default\" data-id=\"0765108\" data-element_type=\"section\">\n\t\t\t\t\t\t<div class=\"elementor-container elementor-column-gap-no\">\n\t\t\t\t\t<div class=\"aux-parallax-section elementor-column elementor-col-50 elementor-inner-column elementor-element elementor-element-ada5c1a\" data-id=\"ada5c1a\" data-element_type=\"column\">\n\t\t\t<div class=\"elementor-widget-wrap elementor-element-populated\">\n\t\t\t\t\t\t<div class=\"aux-scroll-anim elementor-element elementor-element-4f8bb59 elementor-widget__width-initial aux-appear-watch-animation aux-slide-from-bot elementor-widget elementor-widget-aux_image\" data-move-in=\"moveHorizontal\" data-move-out=\"moveHorizontal\" data-axis-x=\"10\" data-axis-y=\"200\" data-rotate=\"90\" data-scale=\"1\" data-vp-top=\"0.5\" data-vp-bot=\"0.5\" data-el-top=\"0.2\" data-scroll-animation-off=\"1024\" data-id=\"4f8bb59\" data-element_type=\"widget\" data-widget_type=\"aux_image.default\">\n\t\t\t\t<div class=\"elementor-widget-container\">\n\t\t\t\t\t<section class=\"widget-container aux-widget-image aux-alignnone aux-parent-au7afaec84\">\n    <div class=\"aux-media-hint-frame \">\n        <div class=\"aux-media-image \" >\n        \n            \n\n            \n            <img loading=\"lazy\" decoding=\"async\" width=\"200\" height=\"276\" src=\"https:\/\/stoccodogtrainer.com.br\/wp-content\/uploads\/2024\/03\/Design-sem-nome-4-40x55.png\" class=\"aux-attachment aux-featured-image aux-attachment-id-411 aux-preload aux-has-preview\" alt=\"Design sem nome (4)\" data-ratio=\"0.72\" data-original-w=\"200\" data-src=\"https:\/\/stoccodogtrainer.com.br\/wp-content\/uploads\/2024\/03\/Design-sem-nome-4.png\" \/>            \n                <\/div>\n    <\/div>\n\n<\/section><!-- widget-container -->\t\t\t\t<\/div>\n\t\t\t\t<\/div>\n\t\t\t\t<div class=\"elementor-element elementor-element-2e440f2 elementor-widget__width-auto aux-appear-watch-animation aux-slide-from-bot elementor-widget elementor-widget-aux_modern_heading\" data-id=\"2e440f2\" data-element_type=\"widget\" data-widget_type=\"aux_modern_heading.default\">\n\t\t\t\t<div class=\"elementor-widget-container\">\n\t\t\t\t\t<section class=\"aux-widget-modern-heading\">\n            <div class=\"aux-widget-inner\"><h2 class=\"aux-modern-heading-primary\">dog trainer<\/h2><\/div>\n        <\/section>\t\t\t\t<\/div>\n\t\t\t\t<\/div>\n\t\t\t\t\t<\/div>\n\t\t<\/div>\n\t\t\t\t<div class=\"aux-parallax-section elementor-column elementor-col-50 elementor-inner-column elementor-element elementor-element-e457d68\" data-id=\"e457d68\" data-element_type=\"column\">\n\t\t\t<div class=\"elementor-widget-wrap elementor-element-populated\">\n\t\t\t\t\t\t<div class=\"elementor-element elementor-element-102d3c4 aux-appear-watch-animation aux-fade-in-right-1 elementor-widget elementor-widget-aux_modern_heading\" data-id=\"102d3c4\" data-element_type=\"widget\" data-widget_type=\"aux_modern_heading.default\">\n\t\t\t\t<div class=\"elementor-widget-container\">\n\t\t\t\t\t<section class=\"aux-widget-modern-heading\">\n            <div class=\"aux-widget-inner\"><h2 class=\"aux-modern-heading-primary\">Sandro Stocco<\/h2><div class=\"aux-modern-heading-description\"><p>Como CEO da StoccoDogTrainer, minha trajet\u00f3ria com c\u00e3es se inicia na inf\u00e2ncia, marcada pelo desejo de ter um pastor alem\u00e3o. A vida, contudo, apresentou-me a companheiros caninos de variadas origens, destacando-se Tot\u00f3, um SRD de valor e cora\u00e7\u00e3o nobre, e Mel, uma poodle que nos ensinou sobre os delicados la\u00e7os com nossos pets. Em 2022, ao lado de minha parceira de vida, transformei esse antigo sonho em realidade ao fundar a StoccoDogTrainer e assumir o compromisso de fortalecer a rela\u00e7\u00e3o entre humanos e c\u00e3es atrav\u00e9s de adestramento e consultoria comportamental, buscando n\u00e3o s\u00f3 educar, mas tamb\u00e9m enriquecer a conviv\u00eancia entre c\u00e3es e seus donos. A satisfa\u00e7\u00e3o dos clientes e a compreens\u00e3o dos c\u00e3es reafirmam minha paix\u00e3o por este caminho. A miss\u00e3o da StoccoDogTrainer \u00e9 melhorar vidas, fortalecer la\u00e7os, e celebrar a alegria e harmonia entre fam\u00edlias e seus c\u00e3es, inspirando-me na lealdade de Tot\u00f3 e no amor de Mel.<\/p><\/div><\/div>\n        <\/section>\t\t\t\t<\/div>\n\t\t\t\t<\/div>\n\t\t\t\t\t<\/div>\n\t\t<\/div>\n\t\t\t\t\t<\/div>\n\t\t<\/section>\n\t\t\t\t\t<\/div>\n\t\t<\/div>\n\t\t\t\t\t<\/div>\n\t\t<\/section>\n\t\t\t\t<\/div>\n\t\t","protected":false},"excerpt":{"rendered":"<p>Stocco Dog Trainer Sobre N\u00f3s A Stoccodogtrainer \u00e9 uma empresa especializada em treinamento e consultoria comportamental para c\u00e3es, dedicada a promover uma conviv\u00eancia harmoniosa e saud\u00e1vel entre tutores e seus animais de estima\u00e7\u00e3o. Nosso compromisso \u00e9 proporcionar solu\u00e7\u00f5es eficazes para uma variedade de necessidades caninas, priorizando sempre o bem-estar e a felicidade tanto dos c\u00e3es [&hellip;]<\/p>\n","protected":false},"author":1,"featured_media":0,"parent":0,"menu_order":1,"comment_status":"closed","ping_status":"closed","template":"templates\/page-builder-content.php","meta":{"footnotes":"","_joinchat":[]},"_links":{"self":[{"href":"https:\/\/stoccodogtrainer.com.br\/index.php\/wp-json\/wp\/v2\/pages\/129"}],"collection":[{"href":"https:\/\/stoccodogtrainer.com.br\/index.php\/wp-json\/wp\/v2\/pages"}],"about":[{"href":"https:\/\/stoccodogtrainer.com.br\/index.php\/wp-json\/wp\/v2\/types\/page"}],"author":[{"embeddable":true,"href":"https:\/\/stoccodogtrainer.com.br\/index.php\/wp-json\/wp\/v2\/users\/1"}],"replies":[{"embeddable":true,"href":"https:\/\/stoccodogtrainer.com.br\/index.php\/wp-json\/wp\/v2\/comments?post=129"}],"version-history":[{"count":58,"href":"https:\/\/stoccodogtrainer.com.br\/index.php\/wp-json\/wp\/v2\/pages\/129\/revisions"}],"predecessor-version":[{"id":750,"href":"https:\/\/stoccodogtrainer.com.br\/index.php\/wp-json\/wp\/v2\/pages\/129\/revisions\/750"}],"wp:attachment":[{"href":"https:\/\/stoccodogtrainer.com.br\/index.php\/wp-json\/wp\/v2\/media?parent=129"}],"curies":[{"name":"wp","href":"https:\/\/api.w.org\/{rel}","templated":true}]}}